{"id":944,"date":"2018-01-09T22:27:07","date_gmt":"2018-01-09T21:27:07","guid":{"rendered":"http:\/\/szkolapitagoras.pl\/?page_id=944"},"modified":"2020-01-29T19:03:20","modified_gmt":"2020-01-29T18:03:20","slug":"konkurs","status":"publish","type":"page","link":"https:\/\/szkolapitagoras.pl\/en\/konkurs\/","title":{"rendered":"\"Ma\u0142y Pitagoras\" competition"},"content":{"rendered":"<p><img decoding=\"async\" loading=\"lazy\" class=\"wp-image-905 alignright\" src=\"http:\/\/szkolapitagoras.pl\/wp-content\/uploads\/2017\/11\/ma\u0142y-pitagoras-3-963x1024.png\" alt=\"\" width=\"344\" height=\"365\" srcset=\"https:\/\/szkolapitagoras.pl\/wp-content\/uploads\/2017\/11\/ma\u0142y-pitagoras-3-963x1024.png 963w, https:\/\/szkolapitagoras.pl\/wp-content\/uploads\/2017\/11\/ma\u0142y-pitagoras-3-282x300.png 282w, https:\/\/szkolapitagoras.pl\/wp-content\/uploads\/2017\/11\/ma\u0142y-pitagoras-3-768x816.png 768w, https:\/\/szkolapitagoras.pl\/wp-content\/uploads\/2017\/11\/ma\u0142y-pitagoras-3-830x882.png 830w, https:\/\/szkolapitagoras.pl\/wp-content\/uploads\/2017\/11\/ma\u0142y-pitagoras-3-230x244.png 230w, https:\/\/szkolapitagoras.pl\/wp-content\/uploads\/2017\/11\/ma\u0142y-pitagoras-3-350x372.png 350w, https:\/\/szkolapitagoras.pl\/wp-content\/uploads\/2017\/11\/ma\u0142y-pitagoras-3-480x510.png 480w, https:\/\/szkolapitagoras.pl\/wp-content\/uploads\/2017\/11\/ma\u0142y-pitagoras-3.png 2003w\" sizes=\"(max-width: 344px) 100vw, 344px\" \/><\/p>\n<p><strong>\"Ma\u0142y Pitagoras\" - 3rd EDITION of the competition under the substantive patronage of the Association of Mathematics Teachers - Masovian Branch.<\/strong><\/p>\n<p>This school year, the competition will be an internal competition for students of our school, held in March and April.<\/p>","protected":false},"excerpt":{"rendered":"<p>&#8222;Ma\u0142y Pitagoras&#8221; &#8211; III EDYCJA konkursu pod patronatem merytorycznym Stowarzyszenia Nauczycieli Matematyki &#8211; Oddzia\u0142 Mazowiecki. W tym roku szkolnym konkurs b\u0119dzie konkursem wewn\u0119trznym dla uczni\u00f3w naszej szko\u0142y przeprowadzanym w marcu i kwietniu.<\/p>","protected":false},"author":1,"featured_media":0,"parent":0,"menu_order":0,"comment_status":"closed","ping_status":"closed","template":"","meta":[],"acf":[],"_links":{"self":[{"href":"https:\/\/szkolapitagoras.pl\/en\/wp-json\/wp\/v2\/pages\/944"}],"collection":[{"href":"https:\/\/szkolapitagoras.pl\/en\/wp-json\/wp\/v2\/pages"}],"about":[{"href":"https:\/\/szkolapitagoras.pl\/en\/wp-json\/wp\/v2\/types\/page"}],"author":[{"embeddable":true,"href":"https:\/\/szkolapitagoras.pl\/en\/wp-json\/wp\/v2\/users\/1"}],"replies":[{"embeddable":true,"href":"https:\/\/szkolapitagoras.pl\/en\/wp-json\/wp\/v2\/comments?post=944"}],"version-history":[{"count":17,"href":"https:\/\/szkolapitagoras.pl\/en\/wp-json\/wp\/v2\/pages\/944\/revisions"}],"predecessor-version":[{"id":1440,"href":"https:\/\/szkolapitagoras.pl\/en\/wp-json\/wp\/v2\/pages\/944\/revisions\/1440"}],"wp:attachment":[{"href":"https:\/\/szkolapitagoras.pl\/en\/wp-json\/wp\/v2\/media?parent=944"}],"curies":[{"name":"wp","href":"https:\/\/api.w.org\/{rel}","templated":true}]}}