{"id":273,"date":"2016-02-16T22:07:28","date_gmt":"2016-02-16T21:07:28","guid":{"rendered":"http:\/\/szkolapitagoras.pl\/?page_id=273"},"modified":"2023-10-17T12:53:55","modified_gmt":"2023-10-17T10:53:55","slug":"strona-glowna","status":"publish","type":"page","link":"https:\/\/szkolapitagoras.pl\/en\/","title":{"rendered":"Home"},"content":{"rendered":"<div id=\"pl-273\"  class=\"panel-layout\" ><div id=\"pg-273-0\"  class=\"panel-grid panel-has-style\" ><div style=\"padding: 100px 0; \" data-overlay=\"true\" class=\"panel-row-style panel-row-style-for-273-0\" ><div id=\"pgc-273-0-0\"  class=\"panel-grid-cell\" ><div id=\"panel-273-0-0-0\" class=\"so-panel widget widget_sow-testimonials panel-first-child panel-last-child\" data-index=\"0\" ><div style=\"text-align: left;\" data-title-color=\"#443f3f\" data-headings-color=\"#443f3f\" class=\"panel-widget-style panel-widget-style-for-273-0-0-0\" ><div class=\"so-widget-sow-testimonials so-widget-sow-testimonials-default-e17ebed62fab\"><h3 class=\"widget-title\">Our advantages<\/h3>\t\t<svg style=\"position: absolute; width: 0; height: 0;\" width=\"0\" height=\"0\" version=\"1.1\" xmlns=\"http:\/\/www.w3.org\/2000\/svg\" xmlns:xlink=\"http:\/\/www.w3.org\/1999\/xlink\">\n\t\t\t<defs>\n\t\t\t\t<symbol id=\"icon-caret-down\" viewbox=\"0 0 585 1024\">\n\t\t\t\t\t<title>caret-down<\/title>\n\t\t\t\t\t<path class=\"path1\" d=\"M585.143 402.286q0 14.857-10.857 25.714l-256 256q-10.857 10.857-25.714 10.857t-25.714-10.857l-256-256q-10.857-10.857-10.857-25.714t10.857-25.714 25.714-10.857h512q14.857 0 25.714 10.857t10.857 25.714z\"><\/path>\n\t\t\t\t<\/symbol>\n\t\t\t\t<symbol id=\"icon-caret-up\" viewbox=\"0 0 585 1024\">\n\t\t\t\t\t<title>caret-up<\/title>\n\t\t\t\t\t<path class=\"path1\" d=\"M585.143 694.857q0 14.857-10.857 25.714t-25.714 10.857h-512q-14.857 0-25.714-10.857t-10.857-25.714 10.857-25.714l256-256q10.857-10.857 25.714-10.857t25.714 10.857l256 256q10.857 10.857 10.857 25.714z\"><\/path>\n\t\t\t\t<\/symbol>\n\t\t\t\t<symbol id=\"icon-caret-left\" viewbox=\"0 0 366 1024\">\n\t\t\t\t\t<title>caret-left<\/title>\n\t\t\t\t\t<path class=\"path1\" d=\"M365.714 256v512q0 14.857-10.857 25.714t-25.714 10.857-25.714-10.857l-256-256q-10.857-10.857-10.857-25.714t10.857-25.714l256-256q10.857-10.857 25.714-10.857t25.714 10.857 10.857 25.714z\"><\/path>\n\t\t\t\t<\/symbol>\n\t\t\t\t<symbol id=\"icon-caret-right\" viewbox=\"0 0 366 1024\">\n\t\t\t\t\t<title>caret-right<\/title>\n\t\t\t\t\t<path class=\"path1\" d=\"M329.143 512q0 14.857-10.857 25.714l-256 256q-10.857 10.857-25.714 10.857t-25.714-10.857-10.857-25.714v-512q0-14.857 10.857-25.714t25.714-10.857 25.714 10.857l256 256q10.857 10.857 10.857 25.714z\"><\/path>\n\t\t\t\t<\/symbol>\n\t\t\t<\/defs>\n\t\t<\/svg>\n\t\t<div class=\"sow-testimonials\">\n\t\t\t\t\t<div class=\"sow-testimonial-wrapper sow-user-middle sow-layout-text-below\">\n\t\t\t<div class=\"sow-testimonial\">\n\t\t\t\t\n\t\t\t\t<div class=\"sow-testimonial-user\">\n\t\t\t\t\t\t\t\t\t\t<div class=\"sow-image-wrapper sow-image-wrapper-shape-round\">\n\t\t\t\t\t\t\t\t\t\t\t\t<a href=\"https:\/\/szkolapitagoras.pl\/en\/nasza-kadra\/\" >\n\t\t\t\t\t\t\t\t\t\t\t\t<div class=\"sow-round-image-frame\" style=\"background-image: url(https:\/\/szkolapitagoras.pl\/wp-content\/uploads\/2017\/10\/kadra.png);\"><\/div>\t\t\t\t\t\t\t\t\t\t\t\t<\/a>\n\t\t\t\t\t\t\t\t\t\t\t<\/div>\n\t\t\t\t\t\n\t\t\t\t\t<div class=\"sow-text\">\n\t\t\t\t\t\t\t\t\t\t\t\t<a href=\"https:\/\/szkolapitagoras.pl\/en\/nasza-kadra\/\" >\n\t\t\t\t\t\t\t\t\t\t\t\t\t<span class=\"sow-testimonial-name\"><strong>Staff<\/strong><\/span>\n\t\t\t\t\t\t\t\t\t\t\t\t<\/a>\n\t\t\t\t\t\t\t\t\t\t\t\t\t\t\t\t\t\t\t<a href=\"https:\/\/szkolapitagoras.pl\/en\/nasza-kadra\/\" >\n\t\t\t\t\t\t\t\t\t\t\t\t\t\t\t\t\t\t\t\t\t\t\t\t\t<\/a>\n\t\t\t\t\t\t\t\t\t\t\t<\/div>\n\n\t\t\t\t\t\t\t\t\t<\/div>\n\n\t\t\t\t\t\t\t\t\t<div class=\"sow-testimonial-text\">\n\t\t\t\t\t\t<p>Well-qualified, committed teaching staff.<\/p>\n\t\t\t\t\t<\/div>\n\t\t\t\t\t\t\t<\/div>\n\t\t<\/div>\n\t\t\t\t\t<div class=\"sow-testimonial-wrapper sow-user-middle sow-layout-text-below\">\n\t\t\t<div class=\"sow-testimonial\">\n\t\t\t\t\n\t\t\t\t<div class=\"sow-testimonial-user\">\n\t\t\t\t\t\t\t\t\t\t<div class=\"sow-image-wrapper sow-image-wrapper-shape-round\">\n\t\t\t\t\t\t\t\t\t\t\t\t<a href=\"http:\/\/szkolapitagoras.pl\/index.php\/warunki-lokalowe\/\" >\n\t\t\t\t\t\t\t\t\t\t\t\t<div class=\"sow-round-image-frame\" style=\"background-image: url(https:\/\/szkolapitagoras.pl\/wp-content\/uploads\/2017\/10\/warunki.png);\"><\/div>\t\t\t\t\t\t\t\t\t\t\t\t<\/a>\n\t\t\t\t\t\t\t\t\t\t\t<\/div>\n\t\t\t\t\t\n\t\t\t\t\t<div class=\"sow-text\">\n\t\t\t\t\t\t\t\t\t\t\t\t<a href=\"http:\/\/szkolapitagoras.pl\/index.php\/warunki-lokalowe\/\" >\n\t\t\t\t\t\t\t\t\t\t\t\t\t<span class=\"sow-testimonial-name\"><strong>Comfortable conditions<\/strong><\/span>\n\t\t\t\t\t\t\t\t\t\t\t\t<\/a>\n\t\t\t\t\t\t\t\t\t\t\t\t\t\t\t\t\t\t\t<a href=\"http:\/\/szkolapitagoras.pl\/index.php\/warunki-lokalowe\/\" >\n\t\t\t\t\t\t\t\t\t\t\t\t\t\t\t\t\t\t\t\t\t\t\t\t\t<\/a>\n\t\t\t\t\t\t\t\t\t\t\t<\/div>\n\n\t\t\t\t\t\t\t\t\t<\/div>\n\n\t\t\t\t\t\t\t\t\t<div class=\"sow-testimonial-text\">\n\t\t\t\t\t\t<p>Comfortable premises and equipment (gym, IT lab, psychologist's office).<\/p>\n\t\t\t\t\t<\/div>\n\t\t\t\t\t\t\t<\/div>\n\t\t<\/div>\n\t\t\t\t\t<div class=\"sow-testimonial-wrapper sow-user-middle sow-layout-text-below\">\n\t\t\t<div class=\"sow-testimonial\">\n\t\t\t\t\n\t\t\t\t<div class=\"sow-testimonial-user\">\n\t\t\t\t\t\t\t\t\t\t<div class=\"sow-image-wrapper sow-image-wrapper-shape-round\">\n\t\t\t\t\t\t\t\t\t\t\t\t<a href=\"http:\/\/szkolapitagoras.pl\/index.php\/mundurki\/\" >\n\t\t\t\t\t\t\t\t\t\t\t\t<div class=\"sow-round-image-frame\" style=\"background-image: url(https:\/\/szkolapitagoras.pl\/wp-content\/uploads\/2017\/10\/mundurki-1.png);\"><\/div>\t\t\t\t\t\t\t\t\t\t\t\t<\/a>\n\t\t\t\t\t\t\t\t\t\t\t<\/div>\n\t\t\t\t\t\n\t\t\t\t\t<div class=\"sow-text\">\n\t\t\t\t\t\t\t\t\t\t\t\t<a href=\"http:\/\/szkolapitagoras.pl\/index.php\/mundurki\/\" >\n\t\t\t\t\t\t\t\t\t\t\t\t\t<span class=\"sow-testimonial-name\"><strong>Uniforms<\/strong><\/span>\n\t\t\t\t\t\t\t\t\t\t\t\t<\/a>\n\t\t\t\t\t\t\t\t\t\t\t\t\t\t\t\t\t\t\t<a href=\"http:\/\/szkolapitagoras.pl\/index.php\/mundurki\/\" >\n\t\t\t\t\t\t\t\t\t\t\t\t\t\t\t\t\t\t\t\t\t\t\t\t\t<\/a>\n\t\t\t\t\t\t\t\t\t\t\t<\/div>\n\n\t\t\t\t\t\t\t\t\t<\/div>\n\n\t\t\t\t\t\t\t\t\t<div class=\"sow-testimonial-text\">\n\t\t\t\t\t\t<p>Students are required to wear a specific dress code at school and during school outings.<\/p>\n\t\t\t\t\t<\/div>\n\t\t\t\t\t\t\t<\/div>\n\t\t<\/div>\n\t\t\t\t\t<div class=\"sow-testimonial-wrapper sow-user-middle sow-layout-text-below\">\n\t\t\t<div class=\"sow-testimonial\">\n\t\t\t\t\n\t\t\t\t<div class=\"sow-testimonial-user\">\n\t\t\t\t\t\t\t\t\t\t<div class=\"sow-image-wrapper sow-image-wrapper-shape-round\">\n\t\t\t\t\t\t\t\t\t\t\t\t<a href=\"http:\/\/szkolapitagoras.pl\/index.php\/organizacja-dnia\/\" >\n\t\t\t\t\t\t\t\t\t\t\t\t<div class=\"sow-round-image-frame\" style=\"background-image: url(https:\/\/szkolapitagoras.pl\/wp-content\/uploads\/2017\/10\/organizacja.png);\"><\/div>\t\t\t\t\t\t\t\t\t\t\t\t<\/a>\n\t\t\t\t\t\t\t\t\t\t\t<\/div>\n\t\t\t\t\t\n\t\t\t\t\t<div class=\"sow-text\">\n\t\t\t\t\t\t\t\t\t\t\t\t<a href=\"http:\/\/szkolapitagoras.pl\/index.php\/organizacja-dnia\/\" >\n\t\t\t\t\t\t\t\t\t\t\t\t\t<span class=\"sow-testimonial-name\"><strong>Day schedule<\/strong><\/span>\n\t\t\t\t\t\t\t\t\t\t\t\t<\/a>\n\t\t\t\t\t\t\t\t\t\t\t\t\t\t\t\t\t\t\t<a href=\"http:\/\/szkolapitagoras.pl\/index.php\/organizacja-dnia\/\" >\n\t\t\t\t\t\t\t\t\t\t\t\t\t\t\t\t\t\t\t\t\t\t\t\t\t<\/a>\n\t\t\t\t\t\t\t\t\t\t\t<\/div>\n\n\t\t\t\t\t\t\t\t\t<\/div>\n\n\t\t\t\t\t\t\t\t\t<div class=\"sow-testimonial-text\">\n\t\t\t\t\t\t<p>No bells, extended offer of foreign language classes, emphasis on mathematical education, wide range of afternoon classes.<\/p>\n\t\t\t\t\t<\/div>\n\t\t\t\t\t\t\t<\/div>\n\t\t<\/div>\n\t<\/div>\n<\/div><\/div><\/div><\/div><\/div><\/div><\/div>","protected":false},"excerpt":{"rendered":"<p>Nasze atuty Kadra Dobrze wykwalifikowana, zaanga\u017cowana kadra pedagogiczna. Komfortowe warunki Komfortowe warunki lokalowe i wyposa\u017cenie (sala gimnastyczna, pracownia informatyczna, gabinet psychologa). Mundurki W szkole oraz podczas wyj\u015b\u0107 szkolnych uczni\u00f3w obowi\u0105zuje okre\u015blony str\u00f3j. Organizacja dnia Brak dzwonk\u00f3w, rozszerzona oferta zaj\u0119\u0107 z j\u0119zyk\u00f3w obcych, nacisk na edukacj\u0119 matematyczn\u0105, bogata oferta zaj\u0119\u0107 popo\u0142udniowych.<\/p>","protected":false},"author":1,"featured_media":0,"parent":0,"menu_order":0,"comment_status":"closed","ping_status":"closed","template":"page-templates\/page_front-page.php","meta":[],"acf":[],"_links":{"self":[{"href":"https:\/\/szkolapitagoras.pl\/en\/wp-json\/wp\/v2\/pages\/273"}],"collection":[{"href":"https:\/\/szkolapitagoras.pl\/en\/wp-json\/wp\/v2\/pages"}],"about":[{"href":"https:\/\/szkolapitagoras.pl\/en\/wp-json\/wp\/v2\/types\/page"}],"author":[{"embeddable":true,"href":"https:\/\/szkolapitagoras.pl\/en\/wp-json\/wp\/v2\/users\/1"}],"replies":[{"embeddable":true,"href":"https:\/\/szkolapitagoras.pl\/en\/wp-json\/wp\/v2\/comments?post=273"}],"version-history":[{"count":25,"href":"https:\/\/szkolapitagoras.pl\/en\/wp-json\/wp\/v2\/pages\/273\/revisions"}],"predecessor-version":[{"id":2399,"href":"https:\/\/szkolapitagoras.pl\/en\/wp-json\/wp\/v2\/pages\/273\/revisions\/2399"}],"wp:attachment":[{"href":"https:\/\/szkolapitagoras.pl\/en\/wp-json\/wp\/v2\/media?parent=273"}],"curies":[{"name":"wp","href":"https:\/\/api.w.org\/{rel}","templated":true}]}}