{"id":22,"date":"2016-02-12T17:04:38","date_gmt":"2016-02-12T16:04:38","guid":{"rendered":"http:\/\/szkolapitagoras.pl\/?page_id=22"},"modified":"2016-02-18T14:14:33","modified_gmt":"2016-02-18T13:14:33","slug":"zajecia-z-integracji-sensorycznej","status":"publish","type":"page","link":"https:\/\/szkolapitagoras.pl\/en\/zajecia-z-integracji-sensorycznej\/","title":{"rendered":"Zaj\u0119cia z integracji sensorycznej"},"content":{"rendered":"<p>Zaj\u0119cia SI maj\u0105 za zadanie pobudzanie i stymulowanie zmys\u0142\u00f3w dziecka w celu ich harmonijnego rozwoju.<br \/>\n<a href=\"http:\/\/www.jupikprzedszkole.pl\/index.php\/integracja-sensoryczna\" target=\"_blank\">wi\u0119cej<\/a><\/p>\n<p><img decoding=\"async\" loading=\"lazy\" class=\"alignleft size-full wp-image-254\" src=\"http:\/\/szkolapitagoras.pl\/wp-content\/uploads\/2016\/02\/sala_integracja_sensoryczna_03.png\" alt=\"sala_integracja_sensoryczna_03\" width=\"640\" height=\"427\" srcset=\"https:\/\/szkolapitagoras.pl\/wp-content\/uploads\/2016\/02\/sala_integracja_sensoryczna_03.png 640w, https:\/\/szkolapitagoras.pl\/wp-content\/uploads\/2016\/02\/sala_integracja_sensoryczna_03-300x200.png 300w, https:\/\/szkolapitagoras.pl\/wp-content\/uploads\/2016\/02\/sala_integracja_sensoryczna_03-230x153.png 230w, https:\/\/szkolapitagoras.pl\/wp-content\/uploads\/2016\/02\/sala_integracja_sensoryczna_03-350x234.png 350w, https:\/\/szkolapitagoras.pl\/wp-content\/uploads\/2016\/02\/sala_integracja_sensoryczna_03-272x182.png 272w\" sizes=\"(max-width: 640px) 100vw, 640px\" \/><\/p>\n<p><img decoding=\"async\" loading=\"lazy\" class=\"alignleft size-full wp-image-253\" src=\"http:\/\/szkolapitagoras.pl\/wp-content\/uploads\/2016\/02\/sala_integracja_sensoryczna_02.png\" alt=\"sala_integracja_sensoryczna_02\" width=\"640\" height=\"427\" srcset=\"https:\/\/szkolapitagoras.pl\/wp-content\/uploads\/2016\/02\/sala_integracja_sensoryczna_02.png 640w, https:\/\/szkolapitagoras.pl\/wp-content\/uploads\/2016\/02\/sala_integracja_sensoryczna_02-300x200.png 300w, https:\/\/szkolapitagoras.pl\/wp-content\/uploads\/2016\/02\/sala_integracja_sensoryczna_02-230x153.png 230w, https:\/\/szkolapitagoras.pl\/wp-content\/uploads\/2016\/02\/sala_integracja_sensoryczna_02-350x234.png 350w, https:\/\/szkolapitagoras.pl\/wp-content\/uploads\/2016\/02\/sala_integracja_sensoryczna_02-272x182.png 272w\" sizes=\"(max-width: 640px) 100vw, 640px\" \/><\/p>\n<p><img decoding=\"async\" loading=\"lazy\" class=\"alignleft size-full wp-image-252\" src=\"http:\/\/szkolapitagoras.pl\/wp-content\/uploads\/2016\/02\/sala_integracja_sensoryczna_01.png\" alt=\"sala_integracja_sensoryczna_01\" width=\"640\" height=\"427\" srcset=\"https:\/\/szkolapitagoras.pl\/wp-content\/uploads\/2016\/02\/sala_integracja_sensoryczna_01.png 640w, https:\/\/szkolapitagoras.pl\/wp-content\/uploads\/2016\/02\/sala_integracja_sensoryczna_01-300x200.png 300w, https:\/\/szkolapitagoras.pl\/wp-content\/uploads\/2016\/02\/sala_integracja_sensoryczna_01-230x153.png 230w, https:\/\/szkolapitagoras.pl\/wp-content\/uploads\/2016\/02\/sala_integracja_sensoryczna_01-350x234.png 350w, https:\/\/szkolapitagoras.pl\/wp-content\/uploads\/2016\/02\/sala_integracja_sensoryczna_01-272x182.png 272w\" sizes=\"(max-width: 640px) 100vw, 640px\" \/><\/p>","protected":false},"excerpt":{"rendered":"<p>Zaj\u0119cia SI maj\u0105 za zadanie pobudzanie i stymulowanie zmys\u0142\u00f3w dziecka w celu ich harmonijnego rozwoju. wi\u0119cej<\/p>","protected":false},"author":1,"featured_media":0,"parent":0,"menu_order":0,"comment_status":"closed","ping_status":"closed","template":"","meta":[],"acf":[],"_links":{"self":[{"href":"https:\/\/szkolapitagoras.pl\/en\/wp-json\/wp\/v2\/pages\/22"}],"collection":[{"href":"https:\/\/szkolapitagoras.pl\/en\/wp-json\/wp\/v2\/pages"}],"about":[{"href":"https:\/\/szkolapitagoras.pl\/en\/wp-json\/wp\/v2\/types\/page"}],"author":[{"embeddable":true,"href":"https:\/\/szkolapitagoras.pl\/en\/wp-json\/wp\/v2\/users\/1"}],"replies":[{"embeddable":true,"href":"https:\/\/szkolapitagoras.pl\/en\/wp-json\/wp\/v2\/comments?post=22"}],"version-history":[{"count":15,"href":"https:\/\/szkolapitagoras.pl\/en\/wp-json\/wp\/v2\/pages\/22\/revisions"}],"predecessor-version":[{"id":296,"href":"https:\/\/szkolapitagoras.pl\/en\/wp-json\/wp\/v2\/pages\/22\/revisions\/296"}],"wp:attachment":[{"href":"https:\/\/szkolapitagoras.pl\/en\/wp-json\/wp\/v2\/media?parent=22"}],"curies":[{"name":"wp","href":"https:\/\/api.w.org\/{rel}","templated":true}]}}