{"id":16,"date":"2016-02-12T17:03:02","date_gmt":"2016-02-12T16:03:02","guid":{"rendered":"http:\/\/szkolapitagoras.pl\/?page_id=16"},"modified":"2024-08-30T20:02:32","modified_gmt":"2024-08-30T18:02:32","slug":"nasze-atuty","status":"publish","type":"page","link":"https:\/\/szkolapitagoras.pl\/en\/nasze-atuty\/","title":{"rendered":"Our advantages"},"content":{"rendered":"<ul>\n<li>Well-qualified, committed teaching staff <span style=\"color: #003366;\"><a style=\"color: #003366;\" href=\"https:\/\/szkolapitagoras.pl\/en\/nasza-kadra\/\">more &gt;&gt;<\/a><\/span><\/li>\n<li>High quality of teaching and upbringing <a href=\"http:\/\/szkolapitagoras.pl\/index.php\/wysoka-jakosc-nauczania-i-wychowania\/\">more &gt;&gt;<\/a><\/li>\n<li>Bogata oferta zaj\u0119\u0107 popo\u0142udniowych: szachy, balet, sensoplastyka, ko\u0142o teatralne, \u0141owcy Historii, mnemotechniki, zaj\u0119cia relaksacyjno sportowe &#8230; <a href=\"http:\/\/szkolapitagoras.pl\/index.php\/zajecia-popoludniowe\/\">more &gt;&gt;<\/a><\/li>\n<\/ul>\n<p><img decoding=\"async\" loading=\"lazy\" class=\"wp-image-815 alignnone\" src=\"http:\/\/szkolapitagoras.pl\/wp-content\/uploads\/2016\/02\/final_zajecia_dodatkowe-1024x570.jpg\" alt=\"\" width=\"675\" height=\"376\" srcset=\"https:\/\/szkolapitagoras.pl\/wp-content\/uploads\/2016\/02\/final_zajecia_dodatkowe-1024x570.jpg 1024w, https:\/\/szkolapitagoras.pl\/wp-content\/uploads\/2016\/02\/final_zajecia_dodatkowe-300x167.jpg 300w, https:\/\/szkolapitagoras.pl\/wp-content\/uploads\/2016\/02\/final_zajecia_dodatkowe-768x428.jpg 768w, https:\/\/szkolapitagoras.pl\/wp-content\/uploads\/2016\/02\/final_zajecia_dodatkowe-830x462.jpg 830w, https:\/\/szkolapitagoras.pl\/wp-content\/uploads\/2016\/02\/final_zajecia_dodatkowe-230x128.jpg 230w, https:\/\/szkolapitagoras.pl\/wp-content\/uploads\/2016\/02\/final_zajecia_dodatkowe-350x195.jpg 350w, https:\/\/szkolapitagoras.pl\/wp-content\/uploads\/2016\/02\/final_zajecia_dodatkowe-480x267.jpg 480w, https:\/\/szkolapitagoras.pl\/wp-content\/uploads\/2016\/02\/final_zajecia_dodatkowe.jpg 1472w\" sizes=\"(max-width: 675px) 100vw, 675px\" \/><\/p>\n<ul>\n<li>Uniforms\u00a0<span style=\"color: #003366;\"><a style=\"color: #003366;\" href=\"http:\/\/szkolapitagoras.pl\/index.php\/mundurki\/\">more &gt;&gt;<\/a><\/span><\/li>\n<li>No bells <span style=\"color: #003366;\"><a style=\"color: #003366;\" href=\"http:\/\/szkolapitagoras.pl\/index.php\/organizacja-dnia\/\">more &gt;&gt;<\/a><\/span><\/li>\n<li>Extended offer of foreign language classes (English 6-7 hours a week;<br \/>\nj. niemiecki 2 godziny)<span style=\"color: #003366;\"> <a style=\"color: #003366;\" href=\"http:\/\/szkolapitagoras.pl\/index.php\/jezyki-obce\/\">more &gt;&gt;<\/a><\/span><\/li>\n<\/ul>\n<p><img decoding=\"async\" loading=\"lazy\" class=\"wp-image-825 alignnone\" src=\"http:\/\/szkolapitagoras.pl\/wp-content\/uploads\/2017\/06\/final5-1024x570.jpg\" alt=\"\" width=\"660\" height=\"367\" srcset=\"https:\/\/szkolapitagoras.pl\/wp-content\/uploads\/2017\/06\/final5-1024x570.jpg 1024w, https:\/\/szkolapitagoras.pl\/wp-content\/uploads\/2017\/06\/final5-300x167.jpg 300w, https:\/\/szkolapitagoras.pl\/wp-content\/uploads\/2017\/06\/final5-768x428.jpg 768w, https:\/\/szkolapitagoras.pl\/wp-content\/uploads\/2017\/06\/final5-830x462.jpg 830w, https:\/\/szkolapitagoras.pl\/wp-content\/uploads\/2017\/06\/final5-230x128.jpg 230w, https:\/\/szkolapitagoras.pl\/wp-content\/uploads\/2017\/06\/final5-350x195.jpg 350w, https:\/\/szkolapitagoras.pl\/wp-content\/uploads\/2017\/06\/final5-480x267.jpg 480w, https:\/\/szkolapitagoras.pl\/wp-content\/uploads\/2017\/06\/final5.jpg 1472w\" sizes=\"(max-width: 660px) 100vw, 660px\" \/><\/p>\n<ul>\n<li>Using elements of Montessori pedagogy<\/li>\n<\/ul>\n<p><img decoding=\"async\" loading=\"lazy\" class=\"wp-image-832 alignnone\" src=\"http:\/\/szkolapitagoras.pl\/wp-content\/uploads\/2017\/07\/final7-1024x570.jpg\" alt=\"\" width=\"640\" height=\"356\" srcset=\"https:\/\/szkolapitagoras.pl\/wp-content\/uploads\/2017\/07\/final7-1024x570.jpg 1024w, https:\/\/szkolapitagoras.pl\/wp-content\/uploads\/2017\/07\/final7-300x167.jpg 300w, https:\/\/szkolapitagoras.pl\/wp-content\/uploads\/2017\/07\/final7-768x428.jpg 768w, https:\/\/szkolapitagoras.pl\/wp-content\/uploads\/2017\/07\/final7-830x462.jpg 830w, https:\/\/szkolapitagoras.pl\/wp-content\/uploads\/2017\/07\/final7-230x128.jpg 230w, https:\/\/szkolapitagoras.pl\/wp-content\/uploads\/2017\/07\/final7-350x195.jpg 350w, https:\/\/szkolapitagoras.pl\/wp-content\/uploads\/2017\/07\/final7-480x267.jpg 480w, https:\/\/szkolapitagoras.pl\/wp-content\/uploads\/2017\/07\/final7.jpg 1472w\" sizes=\"(max-width: 640px) 100vw, 640px\" \/><\/p>\n<ul>\n<li>Emphasis on mathematics education <span style=\"color: #003366;\"><a style=\"color: #003366;\" href=\"http:\/\/szkolapitagoras.pl\/index.php\/matematyka\/\">more &gt;&gt;<\/a><\/span><\/li>\n<li>Opieka psychologa<\/li>\n<li>Daily homework with the teacher in the common room after mandatory lessons<\/li>\n<li><img decoding=\"async\" loading=\"lazy\" class=\"wp-image-2043 alignnone\" src=\"http:\/\/szkolapitagoras.pl\/wp-content\/uploads\/2022\/02\/final8_grafika_sportowa-853x1024.jpg\" alt=\"\" width=\"243\" height=\"292\" srcset=\"https:\/\/szkolapitagoras.pl\/wp-content\/uploads\/2022\/02\/final8_grafika_sportowa-853x1024.jpg 853w, https:\/\/szkolapitagoras.pl\/wp-content\/uploads\/2022\/02\/final8_grafika_sportowa-250x300.jpg 250w, https:\/\/szkolapitagoras.pl\/wp-content\/uploads\/2022\/02\/final8_grafika_sportowa-768x922.jpg 768w, https:\/\/szkolapitagoras.pl\/wp-content\/uploads\/2022\/02\/final8_grafika_sportowa-1280x1536.jpg 1280w, https:\/\/szkolapitagoras.pl\/wp-content\/uploads\/2022\/02\/final8_grafika_sportowa-1706x2048.jpg 1706w, https:\/\/szkolapitagoras.pl\/wp-content\/uploads\/2022\/02\/final8_grafika_sportowa-830x996.jpg 830w, https:\/\/szkolapitagoras.pl\/wp-content\/uploads\/2022\/02\/final8_grafika_sportowa-230x276.jpg 230w, https:\/\/szkolapitagoras.pl\/wp-content\/uploads\/2022\/02\/final8_grafika_sportowa-350x420.jpg 350w, https:\/\/szkolapitagoras.pl\/wp-content\/uploads\/2022\/02\/final8_grafika_sportowa-480x576.jpg 480w\" sizes=\"(max-width: 243px) 100vw, 243px\" \/><\/li>\n<li>Aktywna forma sp\u0119dzania czasu: lekcje nie tylko w salach lekcyjnych, ale tak\u017ce na \u0142\u0105ce i nad rzek\u0105<\/li>\n<\/ul>\n<p><img decoding=\"async\" loading=\"lazy\" class=\"wp-image-821 alignnone\" src=\"http:\/\/szkolapitagoras.pl\/wp-content\/uploads\/2017\/06\/final3_plac_zabaw-1024x570.jpg\" alt=\"\" width=\"672\" height=\"374\" srcset=\"https:\/\/szkolapitagoras.pl\/wp-content\/uploads\/2017\/06\/final3_plac_zabaw-1024x570.jpg 1024w, https:\/\/szkolapitagoras.pl\/wp-content\/uploads\/2017\/06\/final3_plac_zabaw-300x167.jpg 300w, https:\/\/szkolapitagoras.pl\/wp-content\/uploads\/2017\/06\/final3_plac_zabaw-768x428.jpg 768w, https:\/\/szkolapitagoras.pl\/wp-content\/uploads\/2017\/06\/final3_plac_zabaw-830x462.jpg 830w, https:\/\/szkolapitagoras.pl\/wp-content\/uploads\/2017\/06\/final3_plac_zabaw-230x128.jpg 230w, https:\/\/szkolapitagoras.pl\/wp-content\/uploads\/2017\/06\/final3_plac_zabaw-350x195.jpg 350w, https:\/\/szkolapitagoras.pl\/wp-content\/uploads\/2017\/06\/final3_plac_zabaw-480x267.jpg 480w, https:\/\/szkolapitagoras.pl\/wp-content\/uploads\/2017\/06\/final3_plac_zabaw.jpg 1472w\" sizes=\"(max-width: 672px) 100vw, 672px\" \/><\/p>\n<ul>\n<li>Safety<\/li>\n<li>Lokalizacja \u2013 unikalne po\u0142o\u017cenie w bezpo\u015brednim s\u0105siedztwie rzeczki\u00a0 <a href=\"http:\/\/szkolapitagoras.pl\/index.php\/kontakt\/\">see &gt;&gt;<\/a><\/li>\n<li>The school is located less than 14 km from the borders of Warsaw on the S8 route (11 minutes according to google.pl\/maps), close to towns such as: Otr\u0119busy, Podkowa Le\u015bna, \u017b\u00f3\u0142win, Pruszk\u00f3w, Brwin\u00f3w, Magdalenka, \u0141azy, Milan\u00f3wek, Grodzisk Mazowiecki.<\/li>\n<li>Housing conditions and equipment\u00a0 <a href=\"http:\/\/szkolapitagoras.pl\/index.php\/warunki-lokalowe\/\">more &gt;&gt;<\/a><\/li>\n<li><a href=\"http:\/\/forum.gazeta.pl\/forum\/w,35763,163660557,163660557,Niepubliczna_Szkola_Podstawowa_Pitagoras_w_Nadarzy.html\">Pitagoras school opinions<\/a><\/li>\n<li><a href=\"https:\/\/www.facebook.com\/pg\/szkolapitagoras\/reviews\/\">Pitagoras school opinions on FB<\/a><\/li>\n<\/ul>","protected":false},"excerpt":{"rendered":"<p>Dobrze wykwalifikowana, zaanga\u017cowana kadra pedagogiczna wi\u0119cej &gt;&gt; Wysoka jako\u015b\u0107 nauczania i wychowania wi\u0119cej &gt;&gt; Bogata oferta zaj\u0119\u0107 popo\u0142udniowych: szachy, balet, sensoplastyka, ko\u0142o teatralne, \u0141owcy Historii, mnemotechniki, zaj\u0119cia relaksacyjno sportowe &#8230; wi\u0119cej &gt;&gt; Mundurki\u00a0wi\u0119cej &gt;&gt; Brak dzwonk\u00f3w wi\u0119cej &gt;&gt; Rozszerzona oferta zaj\u0119\u0107 z j\u0119zyk\u00f3w obcych (j. angielski w wymiarze 6-7 godzin tygodniowo; j. niemiecki 2 godziny) [&hellip;]<\/p>","protected":false},"author":1,"featured_media":0,"parent":0,"menu_order":0,"comment_status":"closed","ping_status":"closed","template":"","meta":[],"acf":[],"_links":{"self":[{"href":"https:\/\/szkolapitagoras.pl\/en\/wp-json\/wp\/v2\/pages\/16"}],"collection":[{"href":"https:\/\/szkolapitagoras.pl\/en\/wp-json\/wp\/v2\/pages"}],"about":[{"href":"https:\/\/szkolapitagoras.pl\/en\/wp-json\/wp\/v2\/types\/page"}],"author":[{"embeddable":true,"href":"https:\/\/szkolapitagoras.pl\/en\/wp-json\/wp\/v2\/users\/1"}],"replies":[{"embeddable":true,"href":"https:\/\/szkolapitagoras.pl\/en\/wp-json\/wp\/v2\/comments?post=16"}],"version-history":[{"count":38,"href":"https:\/\/szkolapitagoras.pl\/en\/wp-json\/wp\/v2\/pages\/16\/revisions"}],"predecessor-version":[{"id":2769,"href":"https:\/\/szkolapitagoras.pl\/en\/wp-json\/wp\/v2\/pages\/16\/revisions\/2769"}],"wp:attachment":[{"href":"https:\/\/szkolapitagoras.pl\/en\/wp-json\/wp\/v2\/media?parent=16"}],"curies":[{"name":"wp","href":"https:\/\/api.w.org\/{rel}","templated":true}]}}