{"id":12,"date":"2016-02-12T17:01:50","date_gmt":"2016-02-12T16:01:50","guid":{"rendered":"http:\/\/szkolapitagoras.pl\/?page_id=12"},"modified":"2026-03-26T11:40:52","modified_gmt":"2026-03-26T10:40:52","slug":"rekrutacja","status":"publish","type":"page","link":"https:\/\/szkolapitagoras.pl\/en\/rekrutacja\/","title":{"rendered":"Recruitment"},"content":{"rendered":"<p><img decoding=\"async\" loading=\"lazy\" class=\"wp-image-114 alignright\" src=\"http:\/\/szkolapitagoras.pl\/wp-content\/uploads\/2016\/02\/PIT_084-e1455575015670.jpg\" alt=\"\" width=\"282\" height=\"423\" \/><\/p>\n<p>Szanowni Pa\u0144stwo,<\/p>\n<p>Poni\u017cej przedstawiamy szczeg\u00f3\u0142owe informacje dotycz\u0105ce procesu rekrutacji do naszej szko\u0142y, zar\u00f3wno na bie\u017c\u0105cy, jak i nadchodz\u0105cy rok szkolny.<\/p>\n<p><strong>Rekrutacja uzupe\u0142niaj\u0105ca na rok szkolny 2025\/2026<\/strong><\/p>\n<p>Uprzejmie informujemy o mo\u017cliwo\u015bci do\u0142\u0105czenia do spo\u0142eczno\u015bci uczni\u00f3w naszej szko\u0142y w ramach rekrutacji uzupe\u0142niaj\u0105cej. Obecnie dysponujemy pojedynczymi wolnymi miejscami w nast\u0119puj\u0105cych klasach:<\/p>\n<ul>\n<li><strong>Klasa 3:<\/strong> jedno miejsce<\/li>\n<li><strong>Klasa 4:<\/strong> jedno miejsce<\/li>\n<li><strong>Klasa 6:<\/strong> dwa miejsca<\/li>\n<li><strong>Klasa 7:<\/strong> jedno miejsce<\/li>\n<\/ul>\n<p>Jednocze\u015bnie informujemy, i\u017c prowadzimy zapisy na list\u0119 rezerwow\u0105 do pozosta\u0142ych klas. W przypadku zwolnienia si\u0119 miejsca w trakcie roku szkolnego, kandydaci z listy rezerwowej b\u0119d\u0105 brani pod uwag\u0119 w pierwszej kolejno\u015bci.<\/p>\n<p>Osoby zainteresowane do\u0142\u0105czeniem do naszej spo\u0142eczno\u015bci jeszcze w tym roku szkolnym, prosimy o kontakt w celu um\u00f3wienia si\u0119 na indywidualne spotkanie. Dziecko ubiegaj\u0105ce si\u0119 o przyj\u0119cie do istniej\u0105cych klas, o ile pojawi si\u0119 wolne miejsce, obowi\u0105zkowo uczestniczy w 3-dniowym okresie pr\u00f3bnym.<\/p>\n<p>Wszystkie osoby zainteresowane rekrutacj\u0105 prosimy o przes\u0142anie <a href=\"https:\/\/forms.gle\/fkLS6miACvApBbaY7\"> ankiety (kliknij aby uzupe\u0142ni\u0107 i wys\u0142a\u0107) <\/a> zawieraj\u0105cej Pa\u0144stwa adresy mailowe.<\/p>\n<p><strong>Rekrutacja na rok szkolny 2027\/2028 do klasy I\u00a0<\/strong><\/p>\n<p>Rodzic\u00f3w zainteresowanych rekrutacj\u0105 na rok szkolny 2027\/2028 serdecznie zapraszamy na spotkania informacyjne, kt\u00f3re odb\u0119d\u0105 si\u0119 w 8 czerwca 2026 o godzinie 18:00.<\/p>\n<p>\u00a0<\/p>\n<p><strong> Zasady rekrutacji do klasy I 2026\/27\u00a0 <a href=\"http:\/\/szkolapitagoras.pl\/wp-content\/uploads\/2026\/02\/rekrutacja-26_27.pdf\" data-wplink-edit=\"true\">(link do pdf)<\/a><\/strong><\/p>\n<p>Proces rekrutacji do klasy pierwszej sk\u0142ada si\u0119 z dw\u00f3ch kluczowych etap\u00f3w:<\/p>\n<ol>\n<li><strong>Warsztaty dla dzieci<\/strong>, organizowane przez naszych nauczycieli (w tym przysz\u0142ych wychowawc\u00f3w i psychologa szkolnego).<\/li>\n<li><strong>Indywidualne rozmowy Dyrekcji z Rodzicami.<\/strong><\/li>\n<\/ol>\n<p>Najp\u00f3\u017aniej 7 dni po zako\u0144czeniu rozm\u00f3w i warsztat\u00f3w zostan\u0105 Pa\u0144stwo poinformowani o wynikach rekrutacji.<\/p>\n<p><strong> Wa\u017cne informacje i zasady funkcjonowania szko\u0142y<\/strong><\/p>\n<ul>\n<li><strong>Obowi\u0105zkowe szczepienia:<\/strong> Warunkiem koniecznym ubiegania si\u0119 o przyj\u0119cie do szko\u0142y jest posiadanie przez dziecko wszystkich obowi\u0105zkowych szczepie\u0144 zgodnie z kalendarzem szczepie\u0144. Wyj\u0105tek stanowi\u0105 osoby posiadaj\u0105ce potwierdzone medycznie przeciwwskazania (np. leczenie onkologiczne). Ze wzgl\u0119du na bezpiecze\u0144stwo dzieci, kt\u00f3re nie mog\u0105 by\u0107 szczepione, wymagamy zaszczepienia wszystkich pozosta\u0142ych cz\u0142onk\u00f3w naszej spo\u0142eczno\u015bci.<\/li>\n<li><strong>Zwierz\u0119ta w szkole:<\/strong> Informujemy, \u017ce na terenie szko\u0142y regularnie odbywaj\u0105 si\u0119 zaj\u0119cia z dogoterapii. Psy mog\u0105 by\u0107 r\u00f3wnie\u017c obecne podczas innych zaj\u0119\u0107 lekcyjnych. Prosimy o wzi\u0119cie tej informacji pod uwag\u0119 w przypadku wyst\u0119powania alergii.<\/li>\n<li><strong>Korzystanie z elektroniki:<\/strong> Jednym z fundamentalnych za\u0142o\u017ce\u0144 naszej Szko\u0142y jest dba\u0142o\u015b\u0107 o budowanie bezpo\u015brednich relacji mi\u0119dzy uczniami. W zwi\u0105zku z tym na terenie plac\u00f3wki obowi\u0105zuj\u0105 ograniczenia w zakresie korzystania z urz\u0105dze\u0144 elektronicznych, w tym ca\u0142kowity zakaz korzystania przez uczni\u00f3w z prywatnych telefon\u00f3w kom\u00f3rkowych.<\/li>\n<\/ul>\n<p><strong>Op\u0142aty w roku szkolnym 2025\/2026<\/strong><\/p>\n<ul>\n<li><strong>Czesne:<\/strong> 2300 z\u0142 miesi\u0119cznie, p\u0142atne przez 12 miesi\u0119cy (roczna kwota: 27 600 z\u0142).<\/li>\n<li><strong>Wpisowe:<\/strong> 2000 z\u0142 (op\u0142ata jednorazowa). Dla rodze\u0144stwa naszych uczni\u00f3w wpisowe wynosi 1000 z\u0142.<\/li>\n<li><strong>Op\u0142ata rekrutacyjna:<\/strong> 200 z\u0142 \u2013 w przypadku rekrutacji do istniej\u0105cej klasy, kt\u00f3ra obejmuje 2-3 dniowy okres pr\u00f3bny dziecka w szkole.<\/li>\n<\/ul>\n<p><strong>Zni\u017cki dla rodze\u0144stwa:<\/strong><\/p>\n<ul>\n<li><strong>Pierwsze dziecko:<\/strong> 100% wysoko\u015bci czesnego<\/li>\n<li><strong>Drugie dziecko:<\/strong> 90% wysoko\u015bci czesnego<\/li>\n<li><strong>Trzecie i ka\u017cde kolejne dziecko:<\/strong> 50% wysoko\u015bci czesnego<\/li>\n<\/ul>\n<p><strong>Kontakt w sprawach rekrutacji<\/strong><\/p>\n<p>W razie pyta\u0144 pozostajemy do Pa\u0144stwa dyspozycji.<\/p>\n<ul>\n<li>\n<p>e-mail contact: <a href=\"mailto:rekrutacja@szkolapitagoras.pl\">rekrutacja@szkolapitagoras.pl<\/a><\/p>\n<\/li>\n<li>\n<p>telephone <strong> +48 728 52 52 54<\/strong><\/p>\n<p>\u00a0<\/p>\n<\/li>\n<\/ul>\n\n\n<p><\/p>","protected":false},"excerpt":{"rendered":"<p>Szanowni Pa\u0144stwo, Poni\u017cej przedstawiamy szczeg\u00f3\u0142owe informacje dotycz\u0105ce procesu rekrutacji do naszej szko\u0142y, zar\u00f3wno na bie\u017c\u0105cy, jak i nadchodz\u0105cy rok szkolny. Rekrutacja uzupe\u0142niaj\u0105ca na rok szkolny 2025\/2026 Uprzejmie informujemy o mo\u017cliwo\u015bci do\u0142\u0105czenia do spo\u0142eczno\u015bci uczni\u00f3w naszej szko\u0142y w ramach rekrutacji uzupe\u0142niaj\u0105cej. Obecnie dysponujemy pojedynczymi wolnymi miejscami w nast\u0119puj\u0105cych klasach: Klasa 3: jedno miejsce Klasa 4: jedno [&hellip;]<\/p>","protected":false},"author":1,"featured_media":0,"parent":0,"menu_order":0,"comment_status":"closed","ping_status":"closed","template":"","meta":[],"acf":[],"_links":{"self":[{"href":"https:\/\/szkolapitagoras.pl\/en\/wp-json\/wp\/v2\/pages\/12"}],"collection":[{"href":"https:\/\/szkolapitagoras.pl\/en\/wp-json\/wp\/v2\/pages"}],"about":[{"href":"https:\/\/szkolapitagoras.pl\/en\/wp-json\/wp\/v2\/types\/page"}],"author":[{"embeddable":true,"href":"https:\/\/szkolapitagoras.pl\/en\/wp-json\/wp\/v2\/users\/1"}],"replies":[{"embeddable":true,"href":"https:\/\/szkolapitagoras.pl\/en\/wp-json\/wp\/v2\/comments?post=12"}],"version-history":[{"count":188,"href":"https:\/\/szkolapitagoras.pl\/en\/wp-json\/wp\/v2\/pages\/12\/revisions"}],"predecessor-version":[{"id":3306,"href":"https:\/\/szkolapitagoras.pl\/en\/wp-json\/wp\/v2\/pages\/12\/revisions\/3306"}],"wp:attachment":[{"href":"https:\/\/szkolapitagoras.pl\/en\/wp-json\/wp\/v2\/media?parent=12"}],"curies":[{"name":"wp","href":"https:\/\/api.w.org\/{rel}","templated":true}]}}