{"id":59,"date":"2016-02-14T20:21:44","date_gmt":"2016-02-14T19:21:44","guid":{"rendered":"http:\/\/szkolapitagoras.pl\/?page_id=59"},"modified":"2024-11-14T08:52:13","modified_gmt":"2024-11-14T07:52:13","slug":"kontakt","status":"publish","type":"page","link":"http:\/\/szkolapitagoras.pl\/en\/kontakt\/","title":{"rendered":"Contact"},"content":{"rendered":"<p><strong>PITAGORAS Private Primary School in Rusiec \u2013 Nadarzyn<\/strong><br \/>ul. G\u0142\u00f3wna 12, Rusiec<br \/>05-830 Nadarzyn<br \/>tel. <strong>+48 728 52 52 54 ; +48 600 299 695<\/strong><br \/>e-mail: <a href=\"mailto:sekretariat@szkolapitagoras.pl\">sekretariat@szkolapitagoras.pl<\/a><\/p>\n<p><strong>Bank account number:<\/strong> 66 1140 2004 0000 3302 7605 3753<br \/>NSP Pitagoras\u00a0 Rusiec ul. G\u0142\u00f3wna 12<\/p>\n<p><img decoding=\"async\" loading=\"lazy\" class=\"alignleft wp-image-2381 size-full\" src=\"http:\/\/szkolapitagoras.pl\/wp-content\/uploads\/2023\/10\/Clipboard04-scaled.jpg\" alt=\"\" width=\"2560\" height=\"822\" srcset=\"http:\/\/szkolapitagoras.pl\/wp-content\/uploads\/2023\/10\/Clipboard04-scaled.jpg 2560w, http:\/\/szkolapitagoras.pl\/wp-content\/uploads\/2023\/10\/Clipboard04-300x96.jpg 300w, http:\/\/szkolapitagoras.pl\/wp-content\/uploads\/2023\/10\/Clipboard04-1024x329.jpg 1024w, http:\/\/szkolapitagoras.pl\/wp-content\/uploads\/2023\/10\/Clipboard04-768x247.jpg 768w, http:\/\/szkolapitagoras.pl\/wp-content\/uploads\/2023\/10\/Clipboard04-1536x493.jpg 1536w, http:\/\/szkolapitagoras.pl\/wp-content\/uploads\/2023\/10\/Clipboard04-2048x657.jpg 2048w, http:\/\/szkolapitagoras.pl\/wp-content\/uploads\/2023\/10\/Clipboard04-830x266.jpg 830w, http:\/\/szkolapitagoras.pl\/wp-content\/uploads\/2023\/10\/Clipboard04-230x74.jpg 230w, http:\/\/szkolapitagoras.pl\/wp-content\/uploads\/2023\/10\/Clipboard04-350x112.jpg 350w, http:\/\/szkolapitagoras.pl\/wp-content\/uploads\/2023\/10\/Clipboard04-480x154.jpg 480w\" sizes=\"(max-width: 2560px) 100vw, 2560px\" \/><\/p>\n<p>\u00a0<\/p>\n\n\n<iframe src=\"https:\/\/www.google.com\/maps\/embed?pb=!1m18!1m12!1m3!1d2452.015924943785!2d20.792327076990766!3d52.07943996875341!2m3!1f0!2f0!3f0!3m2!1i1024!2i768!4f13.1!3m3!1m2!1s0x471937ab18707677%3A0x1e9896c83c14849f!2sNiepubliczna%20Szko%C5%82a%20Podstawowa%20PITAGORAS%20w%20Ru%C5%9Bcu%20gmina%20Nadarzyn!5e0!3m2!1spl!2spl!4v1701168066453!5m2!1spl!2spl\" width=\"100%\" height=\"450\" style=\"border:0;\" allowfullscreen=\"\" loading=\"lazy\" referrerpolicy=\"no-referrer-when-downgrade\"><\/iframe>\n\n\n\n<p><\/p>","protected":false},"excerpt":{"rendered":"<p>Niepubliczna Szko\u0142a Podstawowa PITAGORAS w Ru\u015bcu &#8211; gmina Nadarzynul. G\u0142\u00f3wna 12, Rusiec05-830 Nadarzyntel. +48 728 52 52 54 ; +48 600 299 695e-mail: sekretariat@szkolapitagoras.pl nr konta 66 1140 2004 0000 3302 7605 3753NSP Pitagoras\u00a0 Rusiec ul. G\u0142\u00f3wna 12 \u00a0<\/p>","protected":false},"author":1,"featured_media":0,"parent":0,"menu_order":0,"comment_status":"closed","ping_status":"closed","template":"","meta":[],"acf":[],"_links":{"self":[{"href":"http:\/\/szkolapitagoras.pl\/en\/wp-json\/wp\/v2\/pages\/59"}],"collection":[{"href":"http:\/\/szkolapitagoras.pl\/en\/wp-json\/wp\/v2\/pages"}],"about":[{"href":"http:\/\/szkolapitagoras.pl\/en\/wp-json\/wp\/v2\/types\/page"}],"author":[{"embeddable":true,"href":"http:\/\/szkolapitagoras.pl\/en\/wp-json\/wp\/v2\/users\/1"}],"replies":[{"embeddable":true,"href":"http:\/\/szkolapitagoras.pl\/en\/wp-json\/wp\/v2\/comments?post=59"}],"version-history":[{"count":25,"href":"http:\/\/szkolapitagoras.pl\/en\/wp-json\/wp\/v2\/pages\/59\/revisions"}],"predecessor-version":[{"id":3058,"href":"http:\/\/szkolapitagoras.pl\/en\/wp-json\/wp\/v2\/pages\/59\/revisions\/3058"}],"wp:attachment":[{"href":"http:\/\/szkolapitagoras.pl\/en\/wp-json\/wp\/v2\/media?parent=59"}],"curies":[{"name":"wp","href":"https:\/\/api.w.org\/{rel}","templated":true}]}}