{"id":344,"date":"2016-02-20T20:01:18","date_gmt":"2016-02-20T19:01:18","guid":{"rendered":"http:\/\/szkolapitagoras.pl\/?page_id=344"},"modified":"2016-02-20T20:01:18","modified_gmt":"2016-02-20T19:01:18","slug":"wysoka-jakosc-nauczania-i-wychowania","status":"publish","type":"page","link":"http:\/\/szkolapitagoras.pl\/en\/wysoka-jakosc-nauczania-i-wychowania\/","title":{"rendered":"High quality of teaching and upbringing"},"content":{"rendered":"<p align=\"CENTER\"><span style=\"color: #000000;\"><u><b>Komfortowe warunki, nauka na wysokim poziomie<\/b><\/u><\/span><\/p>\n<p>Naszym celem jest stworzenie warunk\u00f3w sprzyjaj\u0105cych rozwojowi ma\u0142ych ludzi, dlatego zapraszamy Pa\u0144stwa dzieci do komfortowego budynku, po\u0142o\u017conego na skraju lasu w Nadarzynie. Zapewniamy nauk\u0119 na wysokim poziomie, w atmosferze przyja\u017ani i wzajemnej akceptacji, w kameralnych klasach, w szkole bez dzwonk\u00f3w i stresu, gdzie nauczyciel jest przewodnikiem i doradc\u0105 ka\u017cdego ucznia. Uczymy m\u0105drze i tw\u00f3rczo przez do\u015bwiadczenie i aktywne dzia\u0142anie.<\/p>\n<p>Naszym mottem jest my\u015bl Konfucjusza:<\/p>\n<p align=\"CENTER\"><span style=\"color: #808080;\">\u201e<span style=\"font-family: Georgia,Times New Roman,Tim;\"><span style=\"font-size: small;\"><i><b>Powiedz mi, a zapomn\u0119, poka\u017c mi, a zapami\u0119tam, pozw\u00f3l mi zrobi\u0107, a zrozumiem\u201d.<\/b><\/i><\/span><\/span><\/span><\/p>\n<p align=\"CENTER\"><span style=\"color: #000000;\"><u><b>Tradycja i nowoczesno\u015b\u0107<\/b><\/u><\/span><\/p>\n<p>Pragniemy \u0142\u0105czy\u0107 tradycj\u0119 z nowoczesno\u015bci\u0105, dlatego naszych uczni\u00f3w, na wz\u00f3r najlepszych szk\u00f3\u0142 brytyjskich, obowi\u0105zuje str\u00f3j szkolny. Stosujemy nowatorskie metody nauczania oraz wykorzystujemy nowoczesne pomoce dydaktyczne, mi\u0119dzy innymi wprowadzamy do procesu edukacyjnego elementy pedagogiki Marii Montessori.<\/p>","protected":false},"excerpt":{"rendered":"<p>Komfortowe warunki, nauka na wysokim poziomie Naszym celem jest stworzenie warunk\u00f3w sprzyjaj\u0105cych rozwojowi ma\u0142ych ludzi, dlatego zapraszamy Pa\u0144stwa dzieci do komfortowego budynku, po\u0142o\u017conego na skraju lasu w Nadarzynie. Zapewniamy nauk\u0119 na wysokim poziomie, w atmosferze przyja\u017ani i wzajemnej akceptacji, w kameralnych klasach, w szkole bez dzwonk\u00f3w i stresu, gdzie nauczyciel jest przewodnikiem i doradc\u0105 ka\u017cdego [&hellip;]<\/p>","protected":false},"author":1,"featured_media":0,"parent":0,"menu_order":0,"comment_status":"closed","ping_status":"closed","template":"","meta":[],"acf":[],"_links":{"self":[{"href":"http:\/\/szkolapitagoras.pl\/en\/wp-json\/wp\/v2\/pages\/344"}],"collection":[{"href":"http:\/\/szkolapitagoras.pl\/en\/wp-json\/wp\/v2\/pages"}],"about":[{"href":"http:\/\/szkolapitagoras.pl\/en\/wp-json\/wp\/v2\/types\/page"}],"author":[{"embeddable":true,"href":"http:\/\/szkolapitagoras.pl\/en\/wp-json\/wp\/v2\/users\/1"}],"replies":[{"embeddable":true,"href":"http:\/\/szkolapitagoras.pl\/en\/wp-json\/wp\/v2\/comments?post=344"}],"version-history":[{"count":1,"href":"http:\/\/szkolapitagoras.pl\/en\/wp-json\/wp\/v2\/pages\/344\/revisions"}],"predecessor-version":[{"id":346,"href":"http:\/\/szkolapitagoras.pl\/en\/wp-json\/wp\/v2\/pages\/344\/revisions\/346"}],"wp:attachment":[{"href":"http:\/\/szkolapitagoras.pl\/en\/wp-json\/wp\/v2\/media?parent=344"}],"curies":[{"name":"wp","href":"https:\/\/api.w.org\/{rel}","templated":true}]}}