{"id":308,"date":"2016-02-18T20:13:18","date_gmt":"2016-02-18T19:13:18","guid":{"rendered":"http:\/\/szkolapitagoras.pl\/?page_id=308"},"modified":"2016-02-18T20:14:12","modified_gmt":"2016-02-18T19:14:12","slug":"matematyka","status":"publish","type":"page","link":"http:\/\/szkolapitagoras.pl\/en\/matematyka\/","title":{"rendered":"Matematyka"},"content":{"rendered":"<p>Matematyka jest obecna w naszym codziennym \u017cyciu, to rodzaj specjalnego j\u0119zyka opisuj\u0105cego, to, co si\u0119 dzieje wok\u00f3\u0142 nas. Uwa\u017camy, i\u017c ka\u017cdy ma w sobie potencja\u0142 matematyczny, kt\u00f3ry powinno si\u0119 rozwija\u0107 od wczesnego dzieci\u0144stwa. W pierwszej klasie wprowadzamy dziecko w \u015bwiat matematyki, mi\u0119dzy innymi za pomoc\u0105 materia\u0142u dydaktycznego Montessori, kt\u00f3ry doskonale pomaga dziecku przej\u015b\u0107 od my\u015blenia konkretnego do abstrakcyjnego. Dzieci poznaj\u0105 matematyk\u0119 nie pami\u0119ciowo ale przez logik\u0119. W klasach starszych rozszerzamy program za pomoc\u0105 gier i \u0142amig\u0142\u00f3wek matematycznych oraz zada\u0144 konkursowych \u201eKangur\u201d. Naszym celem jest rozwijanie logicznego my\u015blenia i samodzielno\u015bci w dzia\u0142aniu.<\/p>","protected":false},"excerpt":{"rendered":"<p>Matematyka jest obecna w naszym codziennym \u017cyciu, to rodzaj specjalnego j\u0119zyka opisuj\u0105cego, to, co si\u0119 dzieje wok\u00f3\u0142 nas. Uwa\u017camy, i\u017c ka\u017cdy ma w sobie potencja\u0142 matematyczny, kt\u00f3ry powinno si\u0119 rozwija\u0107 od wczesnego dzieci\u0144stwa. W pierwszej klasie wprowadzamy dziecko w \u015bwiat matematyki, mi\u0119dzy innymi za pomoc\u0105 materia\u0142u dydaktycznego Montessori, kt\u00f3ry doskonale pomaga dziecku przej\u015b\u0107 od my\u015blenia [&hellip;]<\/p>","protected":false},"author":1,"featured_media":0,"parent":0,"menu_order":0,"comment_status":"closed","ping_status":"closed","template":"","meta":[],"acf":[],"_links":{"self":[{"href":"http:\/\/szkolapitagoras.pl\/en\/wp-json\/wp\/v2\/pages\/308"}],"collection":[{"href":"http:\/\/szkolapitagoras.pl\/en\/wp-json\/wp\/v2\/pages"}],"about":[{"href":"http:\/\/szkolapitagoras.pl\/en\/wp-json\/wp\/v2\/types\/page"}],"author":[{"embeddable":true,"href":"http:\/\/szkolapitagoras.pl\/en\/wp-json\/wp\/v2\/users\/1"}],"replies":[{"embeddable":true,"href":"http:\/\/szkolapitagoras.pl\/en\/wp-json\/wp\/v2\/comments?post=308"}],"version-history":[{"count":1,"href":"http:\/\/szkolapitagoras.pl\/en\/wp-json\/wp\/v2\/pages\/308\/revisions"}],"predecessor-version":[{"id":310,"href":"http:\/\/szkolapitagoras.pl\/en\/wp-json\/wp\/v2\/pages\/308\/revisions\/310"}],"wp:attachment":[{"href":"http:\/\/szkolapitagoras.pl\/en\/wp-json\/wp\/v2\/media?parent=308"}],"curies":[{"name":"wp","href":"https:\/\/api.w.org\/{rel}","templated":true}]}}