{"id":305,"date":"2016-02-18T20:11:02","date_gmt":"2016-02-18T19:11:02","guid":{"rendered":"http:\/\/szkolapitagoras.pl\/?page_id=305"},"modified":"2024-08-30T20:04:36","modified_gmt":"2024-08-30T18:04:36","slug":"jezyki-obce","status":"publish","type":"page","link":"http:\/\/szkolapitagoras.pl\/en\/jezyki-obce\/","title":{"rendered":"J\u0119zyki obce"},"content":{"rendered":"<p><img decoding=\"async\" loading=\"lazy\" class=\"wp-image-825 alignnone\" src=\"http:\/\/szkolapitagoras.pl\/wp-content\/uploads\/2017\/06\/final5-1024x570.jpg\" alt=\"\" width=\"649\" height=\"361\" srcset=\"http:\/\/szkolapitagoras.pl\/wp-content\/uploads\/2017\/06\/final5-1024x570.jpg 1024w, http:\/\/szkolapitagoras.pl\/wp-content\/uploads\/2017\/06\/final5-300x167.jpg 300w, http:\/\/szkolapitagoras.pl\/wp-content\/uploads\/2017\/06\/final5-768x428.jpg 768w, http:\/\/szkolapitagoras.pl\/wp-content\/uploads\/2017\/06\/final5-830x462.jpg 830w, http:\/\/szkolapitagoras.pl\/wp-content\/uploads\/2017\/06\/final5-230x128.jpg 230w, http:\/\/szkolapitagoras.pl\/wp-content\/uploads\/2017\/06\/final5-350x195.jpg 350w, http:\/\/szkolapitagoras.pl\/wp-content\/uploads\/2017\/06\/final5-480x267.jpg 480w, http:\/\/szkolapitagoras.pl\/wp-content\/uploads\/2017\/06\/final5.jpg 1472w\" sizes=\"(max-width: 649px) 100vw, 649px\" \/><\/p>\n<p>W czasach Internetu, w \u201eglobalnej wiosce\u201d, gdzie granice przestaj\u0105 mie\u0107 znaczenie, bieg\u0142a znajomo\u015b\u0107 j\u0119zyk\u00f3w obcych jest cenn\u0105 warto\u015bci\u0105, dlatego w naszej szkole ogromn\u0105 wag\u0119 przywi\u0105zujemy do doskonalenia kompetencji w tej dziedzinie. Od pierwszej klasy uczymy j\u0119zyka angielskiego (od\u00a0 6 do 8 godzin tygodniowo) i niemieckiego (2 godziny tygodniowo).<\/p>\n<p>Uczymy przez zabaw\u0119, wykorzystuj\u0105c naturaln\u0105 spontaniczno\u015b\u0107, ufno\u015b\u0107 i aktywno\u015b\u0107 dzieci.<\/p>\n<p>Komunikuj\u0105c si\u0119 w nauczanym j\u0119zyku, otaczamy nim uczni\u00f3w i wsp\u00f3lnie, wykorzystuj\u0105c zmys\u0142y, odkrywamy \u015bwiat za pomoc\u0105 j\u0119zyka angielskiego i niemieckiego.<\/p>","protected":false},"excerpt":{"rendered":"<p>W czasach Internetu, w \u201eglobalnej wiosce\u201d, gdzie granice przestaj\u0105 mie\u0107 znaczenie, bieg\u0142a znajomo\u015b\u0107 j\u0119zyk\u00f3w obcych jest cenn\u0105 warto\u015bci\u0105, dlatego w naszej szkole ogromn\u0105 wag\u0119 przywi\u0105zujemy do doskonalenia kompetencji w tej dziedzinie. Od pierwszej klasy uczymy j\u0119zyka angielskiego (od\u00a0 6 do 8 godzin tygodniowo) i niemieckiego (2 godziny tygodniowo). Uczymy przez zabaw\u0119, wykorzystuj\u0105c naturaln\u0105 spontaniczno\u015b\u0107, ufno\u015b\u0107 [&hellip;]<\/p>","protected":false},"author":1,"featured_media":0,"parent":0,"menu_order":0,"comment_status":"closed","ping_status":"closed","template":"","meta":[],"acf":[],"_links":{"self":[{"href":"http:\/\/szkolapitagoras.pl\/en\/wp-json\/wp\/v2\/pages\/305"}],"collection":[{"href":"http:\/\/szkolapitagoras.pl\/en\/wp-json\/wp\/v2\/pages"}],"about":[{"href":"http:\/\/szkolapitagoras.pl\/en\/wp-json\/wp\/v2\/types\/page"}],"author":[{"embeddable":true,"href":"http:\/\/szkolapitagoras.pl\/en\/wp-json\/wp\/v2\/users\/1"}],"replies":[{"embeddable":true,"href":"http:\/\/szkolapitagoras.pl\/en\/wp-json\/wp\/v2\/comments?post=305"}],"version-history":[{"count":3,"href":"http:\/\/szkolapitagoras.pl\/en\/wp-json\/wp\/v2\/pages\/305\/revisions"}],"predecessor-version":[{"id":2770,"href":"http:\/\/szkolapitagoras.pl\/en\/wp-json\/wp\/v2\/pages\/305\/revisions\/2770"}],"wp:attachment":[{"href":"http:\/\/szkolapitagoras.pl\/en\/wp-json\/wp\/v2\/media?parent=305"}],"curies":[{"name":"wp","href":"https:\/\/api.w.org\/{rel}","templated":true}]}}