{"id":20,"date":"2016-02-12T17:04:06","date_gmt":"2016-02-12T16:04:06","guid":{"rendered":"http:\/\/szkolapitagoras.pl\/?page_id=20"},"modified":"2016-02-28T11:22:25","modified_gmt":"2016-02-28T10:22:25","slug":"kuchnia","status":"publish","type":"page","link":"http:\/\/szkolapitagoras.pl\/en\/kuchnia\/","title":{"rendered":"Kuchnia"},"content":{"rendered":"<p>Tu s\u0105 przygotowywane smaczne i zdrowe posi\u0142ki dla naszych dzieci<img decoding=\"async\" loading=\"lazy\" class=\"wp-image-25 aligncenter\" src=\"http:\/\/szkolapitagoras.pl\/wp-content\/uploads\/2016\/02\/JUPIK_079-b-1024x427.jpg\" alt=\"Kuchnia\" width=\"1046\" height=\"436\" srcset=\"http:\/\/szkolapitagoras.pl\/wp-content\/uploads\/2016\/02\/JUPIK_079-b-1024x427.jpg 1024w, http:\/\/szkolapitagoras.pl\/wp-content\/uploads\/2016\/02\/JUPIK_079-b-300x125.jpg 300w, http:\/\/szkolapitagoras.pl\/wp-content\/uploads\/2016\/02\/JUPIK_079-b-768x320.jpg 768w, http:\/\/szkolapitagoras.pl\/wp-content\/uploads\/2016\/02\/JUPIK_079-b.jpg 1152w\" sizes=\"(max-width: 1046px) 100vw, 1046px\" \/><\/p>\n<p>&nbsp;<\/p>\n<p><img decoding=\"async\" loading=\"lazy\" class=\"wp-image-26 aligncenter\" src=\"http:\/\/szkolapitagoras.pl\/wp-content\/uploads\/2016\/02\/JUPIK_080-b.jpg\" alt=\"Kuchnia\" width=\"1044\" height=\"435\" srcset=\"http:\/\/szkolapitagoras.pl\/wp-content\/uploads\/2016\/02\/JUPIK_080-b.jpg 1152w, http:\/\/szkolapitagoras.pl\/wp-content\/uploads\/2016\/02\/JUPIK_080-b-300x125.jpg 300w, http:\/\/szkolapitagoras.pl\/wp-content\/uploads\/2016\/02\/JUPIK_080-b-768x320.jpg 768w, http:\/\/szkolapitagoras.pl\/wp-content\/uploads\/2016\/02\/JUPIK_080-b-1024x427.jpg 1024w\" sizes=\"(max-width: 1044px) 100vw, 1044px\" \/><\/p>\n<p>&nbsp;<\/p>\n<p>Our Advantages <a href=\"http:\/\/szkolapitagoras.pl\/index.php\/nasze-atuty\/\">more &gt;&gt;&gt;<\/a><\/p>\n<p>&nbsp;<\/p>","protected":false},"excerpt":{"rendered":"<p>Tu s\u0105 przygotowywane smaczne i zdrowe posi\u0142ki dla naszych dzieci &nbsp; &nbsp; Nasze Atuty wi\u0119cej &gt;&gt;&gt; &nbsp;<\/p>","protected":false},"author":1,"featured_media":0,"parent":0,"menu_order":0,"comment_status":"closed","ping_status":"closed","template":"","meta":[],"acf":[],"_links":{"self":[{"href":"http:\/\/szkolapitagoras.pl\/en\/wp-json\/wp\/v2\/pages\/20"}],"collection":[{"href":"http:\/\/szkolapitagoras.pl\/en\/wp-json\/wp\/v2\/pages"}],"about":[{"href":"http:\/\/szkolapitagoras.pl\/en\/wp-json\/wp\/v2\/types\/page"}],"author":[{"embeddable":true,"href":"http:\/\/szkolapitagoras.pl\/en\/wp-json\/wp\/v2\/users\/1"}],"replies":[{"embeddable":true,"href":"http:\/\/szkolapitagoras.pl\/en\/wp-json\/wp\/v2\/comments?post=20"}],"version-history":[{"count":9,"href":"http:\/\/szkolapitagoras.pl\/en\/wp-json\/wp\/v2\/pages\/20\/revisions"}],"predecessor-version":[{"id":356,"href":"http:\/\/szkolapitagoras.pl\/en\/wp-json\/wp\/v2\/pages\/20\/revisions\/356"}],"wp:attachment":[{"href":"http:\/\/szkolapitagoras.pl\/en\/wp-json\/wp\/v2\/media?parent=20"}],"curies":[{"name":"wp","href":"https:\/\/api.w.org\/{rel}","templated":true}]}}