{"id":18,"date":"2016-02-12T17:03:49","date_gmt":"2016-02-12T16:03:49","guid":{"rendered":"http:\/\/szkolapitagoras.pl\/?page_id=18"},"modified":"2025-08-14T02:13:29","modified_gmt":"2025-08-14T00:13:29","slug":"mundurki","status":"publish","type":"page","link":"http:\/\/szkolapitagoras.pl\/en\/mundurki\/","title":{"rendered":"Uniforms"},"content":{"rendered":"<p>Students are required to wear a specific dress code at school and during school outings.<\/p>\n<p><span style=\"color: #000000;\">Gala outfit<\/span>:<\/p>\n<p>girls:<br \/><img decoding=\"async\" loading=\"lazy\" class=\"wp-image-810 alignnone\" src=\"http:\/\/szkolapitagoras.pl\/wp-content\/uploads\/2017\/06\/001-Pitagors-poprawione-683x1024.jpg\" alt=\"\" width=\"350\" height=\"525\" srcset=\"http:\/\/szkolapitagoras.pl\/wp-content\/uploads\/2017\/06\/001-Pitagors-poprawione-683x1024.jpg 683w, http:\/\/szkolapitagoras.pl\/wp-content\/uploads\/2017\/06\/001-Pitagors-poprawione-200x300.jpg 200w, http:\/\/szkolapitagoras.pl\/wp-content\/uploads\/2017\/06\/001-Pitagors-poprawione-768x1152.jpg 768w, http:\/\/szkolapitagoras.pl\/wp-content\/uploads\/2017\/06\/001-Pitagors-poprawione-830x1245.jpg 830w, http:\/\/szkolapitagoras.pl\/wp-content\/uploads\/2017\/06\/001-Pitagors-poprawione-230x345.jpg 230w, http:\/\/szkolapitagoras.pl\/wp-content\/uploads\/2017\/06\/001-Pitagors-poprawione-350x525.jpg 350w, http:\/\/szkolapitagoras.pl\/wp-content\/uploads\/2017\/06\/001-Pitagors-poprawione-480x720.jpg 480w\" sizes=\"(max-width: 350px) 100vw, 350px\" \/><\/p>\n<p><strong>Girls grades 1-3<\/strong><\/p>\n<ul>\n<li><a href=\"https:\/\/www.next.pl\/pl\/search?w=447949&amp;isort=score&amp;af=\" target=\"_blank\" rel=\"noopener noreferrer\">white collared shirt\u00a0<\/a> (no. 447949)<\/li>\n<li><a href=\"http:\/\/www.next.pl\/pl\/style\/st360037\/311160#311160\" target=\"_blank\" rel=\"noopener\">navy blue dress with a fixed cut<\/a> (no 311160) or <a href=\"http:\/\/www.next.pl\/pl\/style\/st360037\/384149#384149\" target=\"_blank\" rel=\"noopener\">dress<\/a>\u00a0 (no. 384149) with the school logo sewn on the left side<\/li>\n<li>navy blue tie with double gold stripes<\/li>\n<li>white smooth tights<\/li>\n<li>dark shoes<\/li>\n<li><a href=\"https:\/\/www.next.pl\/pl\/style\/st057549\/123160\" target=\"_blank\" rel=\"noopener noreferrer\">if necessary, navy blue cardigan<\/a> (nr 123160)<\/li>\n<\/ul>\n<p><strong>Girls grades 4-8<\/strong><\/p>\n<ul>\n<li><a href=\"https:\/\/www.next.pl\/pl\/search?w=447949&amp;isort=score&amp;af=\" target=\"_blank\" rel=\"noopener noreferrer\">white collared shirt\u00a0<\/a> (no. 447949)<\/li>\n<li><a href=\"https:\/\/www.next.pl\/pl\/style\/st521247\/353686#353686\" target=\"_blank\" rel=\"noopener\">granatowa sp\u00f3dnica<\/a> (nr 353686)<\/li>\n<li>navy blue tie with double gold stripes<\/li>\n<li>white smooth tights<\/li>\n<li>dark shoes<\/li>\n<li><a href=\"https:\/\/www.next.pl\/pl\/search?w=367032&amp;isort=score&amp;af=\" target=\"_blank\" rel=\"noopener noreferrer\">if necessary, navy blue cardigan<\/a> (no. 367032)<\/li>\n<\/ul>\n<p><strong>Boys grades 1-8<\/strong><\/p>\n<p><img decoding=\"async\" loading=\"lazy\" class=\"wp-image-811 alignnone\" src=\"http:\/\/szkolapitagoras.pl\/wp-content\/uploads\/2017\/06\/002-Pitagors-poprawione-683x1024.jpg\" alt=\"\" width=\"350\" height=\"525\" srcset=\"http:\/\/szkolapitagoras.pl\/wp-content\/uploads\/2017\/06\/002-Pitagors-poprawione-683x1024.jpg 683w, http:\/\/szkolapitagoras.pl\/wp-content\/uploads\/2017\/06\/002-Pitagors-poprawione-200x300.jpg 200w, http:\/\/szkolapitagoras.pl\/wp-content\/uploads\/2017\/06\/002-Pitagors-poprawione-768x1152.jpg 768w, http:\/\/szkolapitagoras.pl\/wp-content\/uploads\/2017\/06\/002-Pitagors-poprawione-830x1245.jpg 830w, http:\/\/szkolapitagoras.pl\/wp-content\/uploads\/2017\/06\/002-Pitagors-poprawione-230x345.jpg 230w, http:\/\/szkolapitagoras.pl\/wp-content\/uploads\/2017\/06\/002-Pitagors-poprawione-350x525.jpg 350w, http:\/\/szkolapitagoras.pl\/wp-content\/uploads\/2017\/06\/002-Pitagors-poprawione-480x720.jpg 480w\" sizes=\"(max-width: 350px) 100vw, 350px\" \/><\/p>\n<ul>\n<li><a href=\"https:\/\/www.next.pl\/pl\/style\/st722234\/482636#482636\" target=\"_blank\" rel=\"noopener noreferrer\">white collared shirt<\/a> (nr 482636 lub c12742)<\/li>\n<li>long gray trousers with a fixed cut \u2013\u00a0 <a href=\"https:\/\/www.next.pl\/pl\/style\/st179631\/600620#600620\" target=\"_blank\" rel=\"noopener\">pattern 1<\/a> ( no 600620),\u00a0\u00a0or <a href=\"https:\/\/www.next.pl\/pl\/style\/st179593\/155063#155063\" target=\"_blank\" rel=\"noopener\">pattern 2<\/a> ( no 155063), or <a href=\"https:\/\/www.next.pl\/pl\/style\/st094315\/405052#405052\" target=\"_blank\" rel=\"noopener\">pattern 3<\/a> ( no 405052), or <a href=\"https:\/\/www.next.pl\/pl\/style\/st179631\/187766#187766\" target=\"_blank\" rel=\"noopener\">pattern 4<\/a> ( no 187766),\u00a0 (<a href=\"https:\/\/www.next.pl\/pl\/search?w=409316&amp;isort=score&amp;af=\" target=\"_blank\" rel=\"noopener noreferrer\">for a slim person &gt;&gt;<\/a> (no 409316)) (<a href=\"http:\/\/www.next.pl\/pl\/shop\/gender-olderboys-gender-youngerboys-productaffiliation-schoolwear-0\">more&gt;&gt;<\/a>)\u00a0(if they appear again no. 192909, no. 190573)<\/li>\n<li>vest with the school logo sewn on the left side <a href=\"https:\/\/mark-mundurki.pl\/view\/409\" target=\"_blank\" rel=\"noopener noreferrer\">Example &gt;&gt;<\/a>\u00a0 <!--lub w sklepie <a href=\"https:\/\/www.next.pl\/pl\/g224134s1\/486005#486005\" target=\"_blank\" rel=\"noopener noreferrer\">Next <\/a> (numer 486005)<\/li>  \n--><\/li>\n<li>navy blue tie with double gold stripes<\/li>\n<li>dark socks<\/li>\n<li>dark shoes<\/li>\n<li><a href=\"https:\/\/www.next.pl\/pl\/style\/su186508\/q90670#q90670\" target=\"_blank\" rel=\"noopener noreferrer\">navy blue V-neck sweater with the school logo sewn on the left side<\/a> (nr 90670)<\/li>\n<\/ul>\n<p><strong><span style=\"color: #000000;\">Everyday outfit:<\/span><\/strong><\/p>\n<p><strong>girls:<\/strong><\/p>\n<ul>\n<li><a href=\"http:\/\/www.next.pl\/pl\/shop\/gender-oldergirls-gender-youngergirls-productaffiliation-schoolwear\/category-poloshirts\" target=\"_blank\" rel=\"noopener noreferrer\">white polo shirt<\/a><\/li>\n<li>dress with a fixed cut with the school logo sewn on the left side (the same as the formal dress with a distinction for grades 1-3 and 4-8)<\/li>\n<li>pleated skirt (the same as the formal outfit, with a distinction for grades 1-3 and 4-8)<\/li>\n<li>navy blue smooth tights or white knee-high socks<\/li>\n<li>a change of dark shoes<\/li>\n<li>navy blue cardigan with the school logo sewn on the left side (links as in the gala outfit)<\/li>\n<li>w klasach starszych (IV-VIII) dopuszcza si\u0119 jako str\u00f3j dziewcz\u0119cy codzienny spodnie o ustalonym kroju <a href=\"https:\/\/www.next.pl\/pl\/style\/st360035\/q76882\" target=\"_blank\" rel=\"noopener\"> pattern 1 <\/a> <a href=\"https:\/\/www.next.pl\/pl\/style\/st986955\/q90019\" target=\"_blank\" rel=\"noopener\"> pattern 2 <\/a> \u00a0 (standard lub dopasowany kr\u00f3j) (nr q76882, q90019 lub nr 970074 &#8211; o ile znowu si\u0119 pojawi) lub <a href=\"https:\/\/www.next.pl\/pl\/g667s8\/558262#558262\">&#8222;rurki&#8221;<\/a> (no. 558262) (instead of a dress \/ skirt),<\/li>\n<li>sweatshirt - navy blue, only plain without any applications, with a hood and zippered with the school logo sewn on the left side <a href=\"https:\/\/www.next.pl\/pl\/style\/st179685\/161901#161901\">pattern 1<\/a> or <a href=\"https:\/\/shop.mango.com\/pl\/ch%C5%82opiec\/bluzy-basic\/bawe%C5%82niana-bluza-z-kapturem_27093263.html?c=56&amp;talla=06&amp;gclid=Cj0KCQjw4uaUBhC8ARIsANUuDjWbGTUBA6pxT6gMFU67m6k7af6TtWQMLeOO4UX38OFQ5BhPWw4CQZYaAkjREALw_wcB&amp;gclsrc=aw.ds\">pattern 2<\/a><\/li>\n<li>girls' short shorts <strong>grey<\/strong> &#8211; <a href=\"https:\/\/www.next.pl\/pl\/style\/st255109\/598145#598145\">specific model\u00a0<\/a> (nr 598145)<\/li>\n<li><a href=\"https:\/\/www.next.pl\/pl\/style\/st179685\/161901#161901\">zippered dark navy blue sweatshirt<\/a> (nr 161901)<\/li>\n<\/ul>\n<p><strong>boys:<\/strong><\/p>\n<ul>\n<li><a href=\"http:\/\/www.next.pl\/pl\/shop\/gender-olderboys-gender-youngerboys-productaffiliation-schoolwear\/category-poloshirts\" target=\"_blank\" rel=\"noopener\">white polo shirt<\/a><\/li>\n<li>navy blue vest or <a href=\"https:\/\/www.next.pl\/pl\/style\/su186508\/q90670\" target=\"_blank\" rel=\"noopener\">sweater<\/a> z naszytym po lewej stronie logo szko\u0142y (nr q90670)<\/li>\n<li>long or short gray trousers with a fixed cut<\/li>\n<li>ciemne skarpetki, do spodni kr\u00f3tkich szare lub granatowe podkolan\u00f3wki<\/li>\n<li>a change of dark shoes<\/li>\n<li>navy blue V-neck sweater with the school logo sewn on the left side<\/li>\n<li>sweatshirt - navy blue, only plain without any applications, with a hood and zippered with the school logo sewn on the left side <a href=\"https:\/\/www.next.pl\/pl\/style\/st179685\/161901#161901\">pattern 1<\/a><\/li>\n<li><a href=\"https:\/\/www.next.pl\/pl\/style\/st179685\/161901#161901\">zippered dark navy blue sweatshirt<\/a> (nr 161901)<\/li>\n<li>\u00a0<\/li>\n<\/ul>\n\n\n<p>For safety reasons at school, students are asked not to wear pendants, dangling earrings or any valuable jewelry.<\/p>","protected":false},"excerpt":{"rendered":"<p>W szkole oraz podczas wyj\u015b\u0107 szkolnych uczni\u00f3w obowi\u0105zuje okre\u015blony str\u00f3j. Str\u00f3j galowy: dziewczynki: Dziewczynki klasy 1-3 bia\u0142a koszula z ko\u0142nierzykiem\u00a0 (nr 447949) granatowa sukienka o ustalonym kroju (nr 311160) lub sukienka\u00a0 (nr 384149) z naszytym po lewej stronie logo szko\u0142y granatowy krawat w podw\u00f3jne z\u0142ote pasy bia\u0142e g\u0142adkie rajstopy ciemne buty w razie potrzeby granatowy [&hellip;]<\/p>","protected":false},"author":1,"featured_media":44,"parent":0,"menu_order":0,"comment_status":"closed","ping_status":"closed","template":"","meta":[],"acf":[],"_links":{"self":[{"href":"http:\/\/szkolapitagoras.pl\/en\/wp-json\/wp\/v2\/pages\/18"}],"collection":[{"href":"http:\/\/szkolapitagoras.pl\/en\/wp-json\/wp\/v2\/pages"}],"about":[{"href":"http:\/\/szkolapitagoras.pl\/en\/wp-json\/wp\/v2\/types\/page"}],"author":[{"embeddable":true,"href":"http:\/\/szkolapitagoras.pl\/en\/wp-json\/wp\/v2\/users\/1"}],"replies":[{"embeddable":true,"href":"http:\/\/szkolapitagoras.pl\/en\/wp-json\/wp\/v2\/comments?post=18"}],"version-history":[{"count":107,"href":"http:\/\/szkolapitagoras.pl\/en\/wp-json\/wp\/v2\/pages\/18\/revisions"}],"predecessor-version":[{"id":3113,"href":"http:\/\/szkolapitagoras.pl\/en\/wp-json\/wp\/v2\/pages\/18\/revisions\/3113"}],"wp:featuredmedia":[{"embeddable":true,"href":"http:\/\/szkolapitagoras.pl\/en\/wp-json\/wp\/v2\/media\/44"}],"wp:attachment":[{"href":"http:\/\/szkolapitagoras.pl\/en\/wp-json\/wp\/v2\/media?parent=18"}],"curies":[{"name":"wp","href":"https:\/\/api.w.org\/{rel}","templated":true}]}}